{"id":170,"date":"2019-11-06T14:40:56","date_gmt":"2019-11-06T13:40:56","guid":{"rendered":"https:\/\/www.steinwender-interiors.at\/?page_id=170"},"modified":"2019-11-27T00:41:24","modified_gmt":"2019-11-26T23:41:24","slug":"privacy","status":"publish","type":"page","link":"https:\/\/www.steinwender-interiors.at\/en\/privacy\/","title":{"rendered":"Privacy"},"content":{"rendered":"<div id=\"ui-view-main\" class=\"ng-scope\" data-gtm-vis-recent-on-screen-900943_116=\"202\" data-gtm-vis-first-on-screen-900943_116=\"202\" data-gtm-vis-total-visible-time-900943_116=\"100\" data-gtm-vis-has-fired-900943_116=\"1\">\n<section id=\"content\" class=\"no-animate ng-scope\">\n<div class=\"ng-scope\">\n<div class=\"panel ng-scope\">\n<div class=\"panel-body\">\n<div class=\"container-fluid\">\n<div class=\"row margin-bottom-20\">\n<div class=\"col-xs-9 text-left\">\n<h3 translate=\"translate\">Newsletter2Go<\/h3>\n<p translate=\"translate\">Wenn Sie den auf der Webseite angebotenen Newsletter beziehen m\u00f6chten, ben\u00f6tigen wir von Ihnen eine E-Mail-Adresse sowie Informationen, welche uns die \u00dcberpr\u00fcfung gestatten, dass Sie der Inhaber der angegebenen E-Mail-Adresse und mit dem Empfang des Newsletters einverstanden sind.<\/p>\n<p translate=\"translate\">Zur Gew\u00e4hrleistung einer einverst\u00e4ndlichen Newsletter-Versendung nutzen wir das sogenannte Double-Opt-in-Verfahren. Im Zuge dessen l\u00e4sst sich der potentielle Empf\u00e4nger in einen Verteiler aufnehmen. Anschlie\u00dfend erh\u00e4lt der Nutzer durch eine Best\u00e4tigungs-E-Mail die M\u00f6glichkeit, die Anmeldung rechtssicher zu best\u00e4tigen. Nur wenn die Best\u00e4tigung erfolgt, wird die Adresse aktiv in den Verteiler aufgenommen.<\/p>\n<p translate=\"translate\">Diese Daten verwenden wir ausschlie\u00dflich f\u00fcr den Versand der angeforderten Informationen und Angebote.<\/p>\n<p>Als Newsletter Software wird\u00a0<a href=\"https:\/\/www.newsletter2go.de\/\" target=\"_blank\" rel=\"noopener noreferrer\">Newsletter2Go<\/a>\u00a0verwendet. Ihre Daten werden dabei an die Newsletter2Go GmbH \u00fcbermittelt. Newsletter2Go ist es dabei untersagt, Ihre Daten zu verkaufen und f\u00fcr andere Zwecke, als f\u00fcr den Versand von Newslettern zu nutzen. Newsletter2Go ist ein deutscher, zertifizierter Anbieter, welcher nach den Anforderungen der Datenschutz-Grundverordnung und des Bundesdatenschutzgesetzes ausgew\u00e4hlt wurde.<\/p>\n<p>Weitere Informationen finden Sie hier:\u00a0<a href=\"https:\/\/www.newsletter2go.de\/informationen-newsletter-empfaenger\/\" target=\"_blank\" rel=\"noopener noreferrer\">https:\/\/www.newsletter2go.de\/informationen-newsletter-empfaenger\/<\/a><\/p>\n<p translate=\"translate\">Die erteilte Einwilligung zur Speicherung der Daten, der E-Mail-Adresse sowie deren Nutzung zum Versand des Newsletters k\u00f6nnen Sie jederzeit widerrufen, etwa \u00fcber den &#8220;Abmelden&#8221;-Link im Newsletter.<\/p>\n<p translate=\"translate\">Die datenschutzrechtlichen Ma\u00dfnahmen unterliegen stets technischen Erneuerungen aus diesem Grund bitten wir Sie, sich \u00fcber unsere Datenschutzma\u00dfnahmen in regelm\u00e4\u00dfigen Abst\u00e4nden durch Einsichtnahme in unsere Datenschutzerkl\u00e4rung zu informieren.<\/p>\n<\/div>\n<\/div>\n<\/div>\n<\/div>\n<\/div>\n<\/div>\n<\/section>\n<\/div>\n<div id=\"beacon-container\">\n<div class=\"Beacon\" data-reactroot=\"\"><\/div>\n<\/div>\n","protected":false},"excerpt":{"rendered":"<p>Newsletter2Go Wenn Sie den auf der Webseite angebotenen Newsletter beziehen m\u00f6chten, ben\u00f6tigen wir von Ihnen eine E-Mail-Adresse sowie Informationen, welche uns die \u00dcberpr\u00fcfung gestatten, dass Sie der Inhaber der angegebenen E-Mail-Adresse und mit dem Empfang des Newsletters einverstanden sind. Zur Gew\u00e4hrleistung einer einverst\u00e4ndlichen Newsletter-Versendung nutzen wir das sogenannte Double-Opt-in-Verfahren. Im Zuge dessen l\u00e4sst sich der &hellip; <a href=\"https:\/\/www.steinwender-interiors.at\/en\/privacy\/\">Continued<\/a><\/p>\n","protected":false},"author":1,"featured_media":0,"parent":0,"menu_order":0,"comment_status":"closed","ping_status":"closed","template":"","meta":{"_acf_changed":false,"footnotes":""},"class_list":["post-170","page","type-page","status-publish","hentry"],"acf":[],"yoast_head":"<!-- This site is optimized with the Yoast SEO plugin v27.5 - https:\/\/yoast.com\/product\/yoast-seo-wordpress\/ -->\n<title>Privacy - Steinwender Interiors<\/title>\n<meta name=\"robots\" content=\"index, follow, max-snippet:-1, max-image-preview:large, max-video-preview:-1\" \/>\n<link rel=\"canonical\" href=\"https:\/\/www.steinwender-interiors.at\/en\/privacy\/\" \/>\n<meta property=\"og:locale\" content=\"en_US\" \/>\n<meta property=\"og:type\" content=\"article\" \/>\n<meta property=\"og:title\" content=\"Privacy - Steinwender Interiors\" \/>\n<meta property=\"og:description\" content=\"Newsletter2Go Wenn Sie den auf der Webseite angebotenen Newsletter beziehen m\u00f6chten, ben\u00f6tigen wir von Ihnen eine E-Mail-Adresse sowie Informationen, welche uns die \u00dcberpr\u00fcfung gestatten, dass Sie der Inhaber der angegebenen E-Mail-Adresse und mit dem Empfang des Newsletters einverstanden sind. Zur Gew\u00e4hrleistung einer einverst\u00e4ndlichen Newsletter-Versendung nutzen wir das sogenannte Double-Opt-in-Verfahren. Im Zuge dessen l\u00e4sst sich der &hellip; Continued\" \/>\n<meta property=\"og:url\" content=\"https:\/\/www.steinwender-interiors.at\/en\/privacy\/\" \/>\n<meta property=\"og:site_name\" content=\"Steinwender Interiors\" \/>\n<meta property=\"article:modified_time\" content=\"2019-11-26T23:41:24+00:00\" \/>\n<meta name=\"twitter:card\" content=\"summary_large_image\" \/>\n<meta name=\"twitter:label1\" content=\"Est. reading time\" \/>\n\t<meta name=\"twitter:data1\" content=\"1 minute\" \/>\n<script type=\"application\/ld+json\" class=\"yoast-schema-graph\">{\"@context\":\"https:\\\/\\\/schema.org\",\"@graph\":[{\"@type\":\"WebPage\",\"@id\":\"https:\\\/\\\/www.steinwender-interiors.at\\\/en\\\/privacy\\\/\",\"url\":\"https:\\\/\\\/www.steinwender-interiors.at\\\/en\\\/privacy\\\/\",\"name\":\"Privacy - Steinwender Interiors\",\"isPartOf\":{\"@id\":\"https:\\\/\\\/www.steinwender-interiors.at\\\/#website\"},\"datePublished\":\"2019-11-06T13:40:56+00:00\",\"dateModified\":\"2019-11-26T23:41:24+00:00\",\"inLanguage\":\"en-US\",\"potentialAction\":[{\"@type\":\"ReadAction\",\"target\":[\"https:\\\/\\\/www.steinwender-interiors.at\\\/en\\\/privacy\\\/\"]}]},{\"@type\":\"WebSite\",\"@id\":\"https:\\\/\\\/www.steinwender-interiors.at\\\/#website\",\"url\":\"https:\\\/\\\/www.steinwender-interiors.at\\\/\",\"name\":\"Steinwender Interiors\",\"description\":\"\",\"potentialAction\":[{\"@type\":\"SearchAction\",\"target\":{\"@type\":\"EntryPoint\",\"urlTemplate\":\"https:\\\/\\\/www.steinwender-interiors.at\\\/?s={search_term_string}\"},\"query-input\":{\"@type\":\"PropertyValueSpecification\",\"valueRequired\":true,\"valueName\":\"search_term_string\"}}],\"inLanguage\":\"en-US\"}]}<\/script>\n<!-- \/ Yoast SEO plugin. -->","yoast_head_json":{"title":"Privacy - Steinwender Interiors","robots":{"index":"index","follow":"follow","max-snippet":"max-snippet:-1","max-image-preview":"max-image-preview:large","max-video-preview":"max-video-preview:-1"},"canonical":"https:\/\/www.steinwender-interiors.at\/en\/privacy\/","og_locale":"en_US","og_type":"article","og_title":"Privacy - Steinwender Interiors","og_description":"Newsletter2Go Wenn Sie den auf der Webseite angebotenen Newsletter beziehen m\u00f6chten, ben\u00f6tigen wir von Ihnen eine E-Mail-Adresse sowie Informationen, welche uns die \u00dcberpr\u00fcfung gestatten, dass Sie der Inhaber der angegebenen E-Mail-Adresse und mit dem Empfang des Newsletters einverstanden sind. Zur Gew\u00e4hrleistung einer einverst\u00e4ndlichen Newsletter-Versendung nutzen wir das sogenannte Double-Opt-in-Verfahren. Im Zuge dessen l\u00e4sst sich der &hellip; Continued","og_url":"https:\/\/www.steinwender-interiors.at\/en\/privacy\/","og_site_name":"Steinwender Interiors","article_modified_time":"2019-11-26T23:41:24+00:00","twitter_card":"summary_large_image","twitter_misc":{"Est. reading time":"1 minute"},"schema":{"@context":"https:\/\/schema.org","@graph":[{"@type":"WebPage","@id":"https:\/\/www.steinwender-interiors.at\/en\/privacy\/","url":"https:\/\/www.steinwender-interiors.at\/en\/privacy\/","name":"Privacy - Steinwender Interiors","isPartOf":{"@id":"https:\/\/www.steinwender-interiors.at\/#website"},"datePublished":"2019-11-06T13:40:56+00:00","dateModified":"2019-11-26T23:41:24+00:00","inLanguage":"en-US","potentialAction":[{"@type":"ReadAction","target":["https:\/\/www.steinwender-interiors.at\/en\/privacy\/"]}]},{"@type":"WebSite","@id":"https:\/\/www.steinwender-interiors.at\/#website","url":"https:\/\/www.steinwender-interiors.at\/","name":"Steinwender Interiors","description":"","potentialAction":[{"@type":"SearchAction","target":{"@type":"EntryPoint","urlTemplate":"https:\/\/www.steinwender-interiors.at\/?s={search_term_string}"},"query-input":{"@type":"PropertyValueSpecification","valueRequired":true,"valueName":"search_term_string"}}],"inLanguage":"en-US"}]}},"_links":{"self":[{"href":"https:\/\/www.steinwender-interiors.at\/en\/wp-json\/wp\/v2\/pages\/170","targetHints":{"allow":["GET"]}}],"collection":[{"href":"https:\/\/www.steinwender-interiors.at\/en\/wp-json\/wp\/v2\/pages"}],"about":[{"href":"https:\/\/www.steinwender-interiors.at\/en\/wp-json\/wp\/v2\/types\/page"}],"author":[{"embeddable":true,"href":"https:\/\/www.steinwender-interiors.at\/en\/wp-json\/wp\/v2\/users\/1"}],"replies":[{"embeddable":true,"href":"https:\/\/www.steinwender-interiors.at\/en\/wp-json\/wp\/v2\/comments?post=170"}],"version-history":[{"count":2,"href":"https:\/\/www.steinwender-interiors.at\/en\/wp-json\/wp\/v2\/pages\/170\/revisions"}],"predecessor-version":[{"id":191,"href":"https:\/\/www.steinwender-interiors.at\/en\/wp-json\/wp\/v2\/pages\/170\/revisions\/191"}],"wp:attachment":[{"href":"https:\/\/www.steinwender-interiors.at\/en\/wp-json\/wp\/v2\/media?parent=170"}],"curies":[{"name":"wp","href":"https:\/\/api.w.org\/{rel}","templated":true}]}}